{"id":1250,"date":"2024-07-11T11:23:53","date_gmt":"2024-07-11T14:23:53","guid":{"rendered":"https:\/\/af7pro.com.br\/contact\/"},"modified":"2026-02-27T10:36:07","modified_gmt":"2026-02-27T13:36:07","slug":"contact","status":"publish","type":"page","link":"https:\/\/af7pro.com.br\/en\/contact\/","title":{"rendered":"Contact"},"content":{"rendered":"\t\t<div data-elementor-type=\"wp-page\" data-elementor-id=\"1250\" class=\"elementor elementor-1250 elementor-171\" data-elementor-post-type=\"page\">\n\t\t\t\t<div class=\"elementor-element elementor-element-5ae3d90 e-flex e-con-boxed e-con e-parent\" data-id=\"5ae3d90\" data-element_type=\"container\" data-e-type=\"container\" data-settings=\"{&quot;background_background&quot;:&quot;classic&quot;}\">\n\t\t\t\t\t<div class=\"e-con-inner\">\n\t\t\t\t<div class=\"elementor-element elementor-element-6be21de elementor-widget__width-inherit elementor-widget elementor-widget-heading\" data-id=\"6be21de\" data-element_type=\"widget\" data-e-type=\"widget\" data-widget_type=\"heading.default\">\n\t\t\t\t\t<h2 class=\"elementor-heading-title elementor-size-default\">get in touch<\/h2>\t\t\t\t<\/div>\n\t\t<div class=\"elementor-element elementor-element-3a46e1b e-con-full e-flex e-con e-child\" data-id=\"3a46e1b\" data-element_type=\"container\" data-e-type=\"container\">\n\t\t<div class=\"elementor-element elementor-element-4e70b89 e-con-full e-flex e-con e-child\" data-id=\"4e70b89\" data-element_type=\"container\" data-e-type=\"container\">\n\t\t\t\t<div class=\"elementor-element elementor-element-0bf144c elementor-widget-mobile__width-initial elementor-widget__width-initial elementor-widget elementor-widget-heading\" data-id=\"0bf144c\" data-element_type=\"widget\" data-e-type=\"widget\" data-widget_type=\"heading.default\">\n\t\t\t\t\t<h2 class=\"elementor-heading-title elementor-size-default\"> <span style=\"color:#fff\">TELL US\nABOUT <\/span> YOUR PROJECT<\/h2>\t\t\t\t<\/div>\n\t\t\t\t<\/div>\n\t\t<div class=\"elementor-element elementor-element-081dc70 e-con-full e-flex e-con e-child\" data-id=\"081dc70\" data-element_type=\"container\" data-e-type=\"container\">\n\t\t\t\t<div class=\"elementor-element elementor-element-98871b1 elementor-widget elementor-widget-text-editor\" data-id=\"98871b1\" data-element_type=\"widget\" data-e-type=\"widget\" data-widget_type=\"text-editor.default\">\n\t\t\t\t\t\t\t\t\t<p>To provide the best solution, please tell us a little about your project, objective, target audience, and concept or theme. Let us know if you are interested in specific technologies and share details regarding budget and deadlines. <\/p>\t\t\t\t\t\t\t\t<\/div>\n\t\t\t\t<\/div>\n\t\t\t\t<\/div>\n\t\t<div class=\"elementor-element elementor-element-3b61532 e-con-full e-flex e-con e-child\" data-id=\"3b61532\" data-element_type=\"container\" data-e-type=\"container\">\n\t\t\t\t<div class=\"elementor-element elementor-element-d0b181b elementor-button-align-center elementor-widget-mobile__width-initial form-contato elementor-widget elementor-widget-form\" data-id=\"d0b181b\" data-element_type=\"widget\" data-e-type=\"widget\" data-settings=\"{&quot;step_next_label&quot;:&quot;Next&quot;,&quot;step_previous_label&quot;:&quot;Previous&quot;,&quot;button_width&quot;:&quot;100&quot;,&quot;step_type&quot;:&quot;number_text&quot;,&quot;step_icon_shape&quot;:&quot;circle&quot;}\" data-widget_type=\"form.default\">\n\t\t\t\t\t\t\t<form class=\"elementor-form\" method=\"post\" name=\"New form\" aria-label=\"New form\">\n\t\t\t<input type=\"hidden\" name=\"post_id\" value=\"1250\"\/>\n\t\t\t<input type=\"hidden\" name=\"form_id\" value=\"d0b181b\"\/>\n\t\t\t<input type=\"hidden\" name=\"referer_title\" value=\"AF7Pro &#8211; Tecnologia em movimento\" \/>\n\n\t\t\t\n\t\t\t<div class=\"elementor-form-fields-wrapper elementor-labels-above\">\n\t\t\t\t\t\t\t\t<div class=\"elementor-field-type-text elementor-field-group elementor-column elementor-field-group-name elementor-col-100\">\n\t\t\t\t\t\t\t\t\t\t\t\t\t<input size=\"1\" type=\"text\" name=\"form_fields[name]\" id=\"form-field-name\" class=\"elementor-field elementor-size-md  elementor-field-textual\" placeholder=\"Name\">\n\t\t\t\t\t\t\t\t\t\t\t<\/div>\n\t\t\t\t\t\t\t\t<div class=\"elementor-field-type-email elementor-field-group elementor-column elementor-field-group-email elementor-col-100 elementor-field-required\">\n\t\t\t\t\t\t\t\t\t\t\t\t\t<input size=\"1\" type=\"email\" name=\"form_fields[email]\" id=\"form-field-email\" class=\"elementor-field elementor-size-md  elementor-field-textual\" placeholder=\"Email\" required=\"required\">\n\t\t\t\t\t\t\t\t\t\t\t<\/div>\n\t\t\t\t\t\t\t\t<div class=\"elementor-field-type-tel elementor-field-group elementor-column elementor-field-group-message elementor-col-100\">\n\t\t\t\t\t\t\t<input size=\"1\" type=\"tel\" name=\"form_fields[message]\" id=\"form-field-message\" class=\"elementor-field elementor-size-md  elementor-field-textual\" placeholder=\"Mobile Phone\" pattern=\"[0-9()#&amp;+*-=.]+\" title=\"Only numbers and phone characters (#, -, *, etc) are accepted.\">\n\n\t\t\t\t\t\t<\/div>\n\t\t\t\t\t\t\t\t<div class=\"elementor-field-type-text elementor-field-group elementor-column elementor-field-group-field_79f2e50 elementor-col-100\">\n\t\t\t\t\t\t\t\t\t\t\t\t\t<input size=\"1\" type=\"text\" name=\"form_fields[field_79f2e50]\" id=\"form-field-field_79f2e50\" class=\"elementor-field elementor-size-md  elementor-field-textual\" placeholder=\"Company\">\n\t\t\t\t\t\t\t\t\t\t\t<\/div>\n\t\t\t\t\t\t\t\t<div class=\"elementor-field-type-recaptcha_v3 elementor-field-group elementor-column elementor-field-group-field_4523d29 elementor-col-100 recaptcha_v3-bottomright\">\n\t\t\t\t\t<div class=\"elementor-field\" id=\"form-field-field_4523d29\"><div class=\"elementor-g-recaptcha\" data-sitekey=\"6LfvMrwrAAAAAB12bxR3bdHkPkbr_H-_z4a6o8L3\" data-type=\"v3\" data-action=\"Form\" data-badge=\"bottomright\" data-size=\"invisible\"><\/div><\/div>\t\t\t\t<\/div>\n\t\t\t\t\t\t\t\t<div class=\"elementor-field-type-textarea elementor-field-group elementor-column elementor-field-group-field_783a574 elementor-col-100\">\n\t\t\t\t\t\t\t\t\t\t\t\t<label for=\"form-field-field_783a574\" class=\"elementor-field-label\">\n\t\t\t\t\t\t\t\tMessage\t\t\t\t\t\t\t<\/label>\n\t\t\t\t\t\t<textarea class=\"elementor-field-textual elementor-field  elementor-size-md\" name=\"form_fields[field_783a574]\" id=\"form-field-field_783a574\" rows=\"4\" placeholder=\"Write your message...\"><\/textarea>\t\t\t\t<\/div>\n\t\t\t\t\t\t\t\t<div class=\"elementor-field-group elementor-column elementor-field-type-submit elementor-col-100 e-form__buttons\">\n\t\t\t\t\t<button class=\"elementor-button elementor-size-md\" type=\"submit\">\n\t\t\t\t\t\t<span class=\"elementor-button-content-wrapper\">\n\t\t\t\t\t\t\t\t\t\t\t\t\t\t\t\t\t\t\t\t\t\t<span class=\"elementor-button-text\">Send message<\/span>\n\t\t\t\t\t\t\t\t\t\t\t\t\t<\/span>\n\t\t\t\t\t<\/button>\n\t\t\t\t<\/div>\n\t\t\t<\/div>\n\t\t<\/form>\n\t\t\t\t\t\t<\/div>\n\t\t\t\t<\/div>\n\t\t\t\t\t<\/div>\n\t\t\t\t<\/div>\n\t\t<div class=\"elementor-element elementor-element-6d78238 e-con-full e-flex e-con e-parent\" data-id=\"6d78238\" data-element_type=\"container\" data-e-type=\"container\" data-settings=\"{&quot;background_background&quot;:&quot;classic&quot;}\">\n\t\t\t\t<div class=\"elementor-element elementor-element-a2a4f14 elementor-widget-mobile__width-initial elementor-widget__width-initial elementor-widget elementor-widget-heading\" data-id=\"a2a4f14\" data-element_type=\"widget\" data-e-type=\"widget\" data-widget_type=\"heading.default\">\n\t\t\t\t\t<h2 class=\"elementor-heading-title elementor-size-default\">IF YOU PREFER, SEND AN EMAIL OR CALL US<\/h2>\t\t\t\t<\/div>\n\t\t<div class=\"elementor-element elementor-element-05c30a1 e-con-full e-flex e-con e-child\" data-id=\"05c30a1\" data-element_type=\"container\" data-e-type=\"container\">\n\t\t<div class=\"elementor-element elementor-element-1236c75 e-con-full e-flex e-con e-child\" data-id=\"1236c75\" data-element_type=\"container\" data-e-type=\"container\">\n\t\t\t\t<div class=\"elementor-element elementor-element-6131350 elementor-widget elementor-widget-heading\" data-id=\"6131350\" data-element_type=\"widget\" data-e-type=\"widget\" data-widget_type=\"heading.default\">\n\t\t\t\t\t<h2 class=\"elementor-heading-title elementor-size-default\">Carlos Spagnol<\/h2>\t\t\t\t<\/div>\n\t\t\t\t<div class=\"elementor-element elementor-element-fed72e6 elementor-widget elementor-widget-heading\" data-id=\"fed72e6\" data-element_type=\"widget\" data-e-type=\"widget\" data-widget_type=\"heading.default\">\n\t\t\t\t\t<h2 class=\"elementor-heading-title elementor-size-default\">Commercial Dir. <\/h2>\t\t\t\t<\/div>\n\t\t<div class=\"elementor-element elementor-element-7130974 e-con-full e-flex e-con e-child\" data-id=\"7130974\" data-element_type=\"container\" data-e-type=\"container\">\n\t\t\t\t<div class=\"elementor-element elementor-element-95b866d txt-contato elementor-widget elementor-widget-text-editor\" data-id=\"95b866d\" data-element_type=\"widget\" data-e-type=\"widget\" data-widget_type=\"text-editor.default\">\n\t\t\t\t\t\t\t\t\t<p><a class=\"contato\" href=\"tel:+5511975341867\">+55 11 97534 1867<\/a><\/p>\t\t\t\t\t\t\t\t<\/div>\n\t\t\t\t<div class=\"elementor-element elementor-element-75d86f6 txt-contato elementor-widget elementor-widget-text-editor\" data-id=\"75d86f6\" data-element_type=\"widget\" data-e-type=\"widget\" data-widget_type=\"text-editor.default\">\n\t\t\t\t\t\t\t\t\t<p><a class=\"contato\" href=\"mailto:carlos@af7pro.com.br\">carlos@af7pro.com.br<\/a><\/p>\t\t\t\t\t\t\t\t<\/div>\n\t\t\t\t<\/div>\n\t\t\t\t<\/div>\n\t\t<div class=\"elementor-element elementor-element-4ef635e e-con-full e-flex e-con e-child\" data-id=\"4ef635e\" data-element_type=\"container\" data-e-type=\"container\">\n\t\t\t\t<div class=\"elementor-element elementor-element-5aecb04 elementor-widget elementor-widget-heading\" data-id=\"5aecb04\" data-element_type=\"widget\" data-e-type=\"widget\" data-widget_type=\"heading.default\">\n\t\t\t\t\t<h2 class=\"elementor-heading-title elementor-size-default\">Afonso Fructoso<\/h2>\t\t\t\t<\/div>\n\t\t\t\t<div class=\"elementor-element elementor-element-7d096c6 elementor-widget elementor-widget-heading\" data-id=\"7d096c6\" data-element_type=\"widget\" data-e-type=\"widget\" data-widget_type=\"heading.default\">\n\t\t\t\t\t<h2 class=\"elementor-heading-title elementor-size-default\">Engineering Dir. <\/h2>\t\t\t\t<\/div>\n\t\t<div class=\"elementor-element elementor-element-1eadd9f e-con-full e-flex e-con e-child\" data-id=\"1eadd9f\" data-element_type=\"container\" data-e-type=\"container\">\n\t\t\t\t<div class=\"elementor-element elementor-element-613f367 txt-contato elementor-widget elementor-widget-text-editor\" data-id=\"613f367\" data-element_type=\"widget\" data-e-type=\"widget\" data-widget_type=\"text-editor.default\">\n\t\t\t\t\t\t\t\t\t<p><a class=\"contato\" href=\"tel:+5519999081909\">+55 19 99908 1909<\/a><\/p>\t\t\t\t\t\t\t\t<\/div>\n\t\t\t\t<div class=\"elementor-element elementor-element-5730f7d txt-contato elementor-widget elementor-widget-text-editor\" data-id=\"5730f7d\" data-element_type=\"widget\" data-e-type=\"widget\" data-widget_type=\"text-editor.default\">\n\t\t\t\t\t\t\t\t\t<p><a class=\"contato\" href=\"mailto:afonso@af7pro.com.br\">afonso@af7pro.com.br<\/a><\/p>\t\t\t\t\t\t\t\t<\/div>\n\t\t\t\t<\/div>\n\t\t\t\t<\/div>\n\t\t\t\t<\/div>\n\t\t\t\t<\/div>\n\t\t\t\t<\/div>\n\t\t","protected":false},"excerpt":{"rendered":"<p>get in touch TELL US ABOUT YOUR PROJECT To provide the best solution, please tell us a little about your project, objective, target audience, and concept or theme. Let us know if you are interested in specific technologies and share details regarding budget and deadlines. IF YOU PREFER, SEND AN EMAIL OR CALL US Carlos [&hellip;]<\/p>\n","protected":false},"author":1,"featured_media":0,"parent":0,"menu_order":0,"comment_status":"closed","ping_status":"closed","template":"","meta":{"_acf_changed":false,"footnotes":""},"class_list":["post-1250","page","type-page","status-publish","hentry"],"acf":[],"yoast_head":"<!-- This site is optimized with the Yoast SEO plugin v27.1.1 - https:\/\/yoast.com\/product\/yoast-seo-wordpress\/ -->\n<title>Contact - AF7Pro - Tecnologia em movimento<\/title>\n<meta name=\"robots\" content=\"index, follow, max-snippet:-1, max-image-preview:large, max-video-preview:-1\" \/>\n<link rel=\"canonical\" href=\"https:\/\/af7pro.com.br\/en\/contact\/\" \/>\n<meta property=\"og:locale\" content=\"en_US\" \/>\n<meta property=\"og:type\" content=\"article\" \/>\n<meta property=\"og:title\" content=\"Contact - AF7Pro - Tecnologia em movimento\" \/>\n<meta property=\"og:description\" content=\"get in touch TELL US ABOUT YOUR PROJECT To provide the best solution, please tell us a little about your project, objective, target audience, and concept or theme. Let us know if you are interested in specific technologies and share details regarding budget and deadlines. IF YOU PREFER, SEND AN EMAIL OR CALL US Carlos [&hellip;]\" \/>\n<meta property=\"og:url\" content=\"https:\/\/af7pro.com.br\/en\/contact\/\" \/>\n<meta property=\"og:site_name\" content=\"AF7Pro - Tecnologia em movimento\" \/>\n<meta property=\"article:publisher\" content=\"https:\/\/www.facebook.com\/af7pro\/\" \/>\n<meta property=\"article:modified_time\" content=\"2026-02-27T13:36:07+00:00\" \/>\n<meta property=\"og:image\" content=\"https:\/\/af7pro.com.br\/wp-content\/uploads\/2024\/07\/Simbolo-Af7-281x300.png\" \/>\n<meta name=\"twitter:card\" content=\"summary_large_image\" \/>\n<meta name=\"twitter:label1\" content=\"Est. reading time\" \/>\n\t<meta name=\"twitter:data1\" content=\"1 minute\" \/>\n<script type=\"application\/ld+json\" class=\"yoast-schema-graph\">{\"@context\":\"https:\/\/schema.org\",\"@graph\":[{\"@type\":\"WebPage\",\"@id\":\"https:\/\/af7pro.com.br\/en\/contact\/\",\"url\":\"https:\/\/af7pro.com.br\/en\/contact\/\",\"name\":\"Contact - AF7Pro - Tecnologia em movimento\",\"isPartOf\":{\"@id\":\"https:\/\/af7pro.com.br\/en\/#website\"},\"datePublished\":\"2024-07-11T14:23:53+00:00\",\"dateModified\":\"2026-02-27T13:36:07+00:00\",\"breadcrumb\":{\"@id\":\"https:\/\/af7pro.com.br\/en\/contact\/#breadcrumb\"},\"inLanguage\":\"en-US\",\"potentialAction\":[{\"@type\":\"ReadAction\",\"target\":[\"https:\/\/af7pro.com.br\/en\/contact\/\"]}]},{\"@type\":\"BreadcrumbList\",\"@id\":\"https:\/\/af7pro.com.br\/en\/contact\/#breadcrumb\",\"itemListElement\":[{\"@type\":\"ListItem\",\"position\":1,\"name\":\"In\u00edcio\",\"item\":\"https:\/\/af7pro.com.br\/en\/\"},{\"@type\":\"ListItem\",\"position\":2,\"name\":\"Contact\"}]},{\"@type\":\"WebSite\",\"@id\":\"https:\/\/af7pro.com.br\/en\/#website\",\"url\":\"https:\/\/af7pro.com.br\/en\/\",\"name\":\"Af7 Pro - Tecnologia em movimento\",\"description\":\"Ativa\u00e7\u00f5es tecnol\u00f3gicas para eventos\",\"publisher\":{\"@id\":\"https:\/\/af7pro.com.br\/en\/#organization\"},\"potentialAction\":[{\"@type\":\"SearchAction\",\"target\":{\"@type\":\"EntryPoint\",\"urlTemplate\":\"https:\/\/af7pro.com.br\/en\/?s={search_term_string}\"},\"query-input\":{\"@type\":\"PropertyValueSpecification\",\"valueRequired\":true,\"valueName\":\"search_term_string\"}}],\"inLanguage\":\"en-US\"},{\"@type\":\"Organization\",\"@id\":\"https:\/\/af7pro.com.br\/en\/#organization\",\"name\":\"Af7 Pro Tecnologia em movimento\",\"url\":\"https:\/\/af7pro.com.br\/en\/\",\"logo\":{\"@type\":\"ImageObject\",\"inLanguage\":\"en-US\",\"@id\":\"https:\/\/af7pro.com.br\/en\/#\/schema\/logo\/image\/\",\"url\":\"https:\/\/af7pro.com.br\/wp-content\/uploads\/2024\/07\/favico.png\",\"contentUrl\":\"https:\/\/af7pro.com.br\/wp-content\/uploads\/2024\/07\/favico.png\",\"width\":512,\"height\":512,\"caption\":\"Af7 Pro Tecnologia em movimento\"},\"image\":{\"@id\":\"https:\/\/af7pro.com.br\/en\/#\/schema\/logo\/image\/\"},\"sameAs\":[\"https:\/\/www.facebook.com\/af7pro\/\",\"https:\/\/www.linkedin.com\/company\/af7pro\/\",\"https:\/\/pin.it\/5G9NvRlLS\",\"https:\/\/www.instagram.com\/af7pro\"]}]}<\/script>\n<!-- \/ Yoast SEO plugin. -->","yoast_head_json":{"title":"Contact - AF7Pro - Tecnologia em movimento","robots":{"index":"index","follow":"follow","max-snippet":"max-snippet:-1","max-image-preview":"max-image-preview:large","max-video-preview":"max-video-preview:-1"},"canonical":"https:\/\/af7pro.com.br\/en\/contact\/","og_locale":"en_US","og_type":"article","og_title":"Contact - AF7Pro - Tecnologia em movimento","og_description":"get in touch TELL US ABOUT YOUR PROJECT To provide the best solution, please tell us a little about your project, objective, target audience, and concept or theme. Let us know if you are interested in specific technologies and share details regarding budget and deadlines. IF YOU PREFER, SEND AN EMAIL OR CALL US Carlos [&hellip;]","og_url":"https:\/\/af7pro.com.br\/en\/contact\/","og_site_name":"AF7Pro - Tecnologia em movimento","article_publisher":"https:\/\/www.facebook.com\/af7pro\/","article_modified_time":"2026-02-27T13:36:07+00:00","og_image":[{"url":"https:\/\/af7pro.com.br\/wp-content\/uploads\/2024\/07\/Simbolo-Af7-281x300.png","type":"","width":"","height":""}],"twitter_card":"summary_large_image","twitter_misc":{"Est. reading time":"1 minute"},"schema":{"@context":"https:\/\/schema.org","@graph":[{"@type":"WebPage","@id":"https:\/\/af7pro.com.br\/en\/contact\/","url":"https:\/\/af7pro.com.br\/en\/contact\/","name":"Contact - AF7Pro - Tecnologia em movimento","isPartOf":{"@id":"https:\/\/af7pro.com.br\/en\/#website"},"datePublished":"2024-07-11T14:23:53+00:00","dateModified":"2026-02-27T13:36:07+00:00","breadcrumb":{"@id":"https:\/\/af7pro.com.br\/en\/contact\/#breadcrumb"},"inLanguage":"en-US","potentialAction":[{"@type":"ReadAction","target":["https:\/\/af7pro.com.br\/en\/contact\/"]}]},{"@type":"BreadcrumbList","@id":"https:\/\/af7pro.com.br\/en\/contact\/#breadcrumb","itemListElement":[{"@type":"ListItem","position":1,"name":"In\u00edcio","item":"https:\/\/af7pro.com.br\/en\/"},{"@type":"ListItem","position":2,"name":"Contact"}]},{"@type":"WebSite","@id":"https:\/\/af7pro.com.br\/en\/#website","url":"https:\/\/af7pro.com.br\/en\/","name":"Af7 Pro - Tecnologia em movimento","description":"Ativa\u00e7\u00f5es tecnol\u00f3gicas para eventos","publisher":{"@id":"https:\/\/af7pro.com.br\/en\/#organization"},"potentialAction":[{"@type":"SearchAction","target":{"@type":"EntryPoint","urlTemplate":"https:\/\/af7pro.com.br\/en\/?s={search_term_string}"},"query-input":{"@type":"PropertyValueSpecification","valueRequired":true,"valueName":"search_term_string"}}],"inLanguage":"en-US"},{"@type":"Organization","@id":"https:\/\/af7pro.com.br\/en\/#organization","name":"Af7 Pro Tecnologia em movimento","url":"https:\/\/af7pro.com.br\/en\/","logo":{"@type":"ImageObject","inLanguage":"en-US","@id":"https:\/\/af7pro.com.br\/en\/#\/schema\/logo\/image\/","url":"https:\/\/af7pro.com.br\/wp-content\/uploads\/2024\/07\/favico.png","contentUrl":"https:\/\/af7pro.com.br\/wp-content\/uploads\/2024\/07\/favico.png","width":512,"height":512,"caption":"Af7 Pro Tecnologia em movimento"},"image":{"@id":"https:\/\/af7pro.com.br\/en\/#\/schema\/logo\/image\/"},"sameAs":["https:\/\/www.facebook.com\/af7pro\/","https:\/\/www.linkedin.com\/company\/af7pro\/","https:\/\/pin.it\/5G9NvRlLS","https:\/\/www.instagram.com\/af7pro"]}]}},"_links":{"self":[{"href":"https:\/\/af7pro.com.br\/en\/wp-json\/wp\/v2\/pages\/1250","targetHints":{"allow":["GET"]}}],"collection":[{"href":"https:\/\/af7pro.com.br\/en\/wp-json\/wp\/v2\/pages"}],"about":[{"href":"https:\/\/af7pro.com.br\/en\/wp-json\/wp\/v2\/types\/page"}],"author":[{"embeddable":true,"href":"https:\/\/af7pro.com.br\/en\/wp-json\/wp\/v2\/users\/1"}],"replies":[{"embeddable":true,"href":"https:\/\/af7pro.com.br\/en\/wp-json\/wp\/v2\/comments?post=1250"}],"version-history":[{"count":4,"href":"https:\/\/af7pro.com.br\/en\/wp-json\/wp\/v2\/pages\/1250\/revisions"}],"predecessor-version":[{"id":1581,"href":"https:\/\/af7pro.com.br\/en\/wp-json\/wp\/v2\/pages\/1250\/revisions\/1581"}],"wp:attachment":[{"href":"https:\/\/af7pro.com.br\/en\/wp-json\/wp\/v2\/media?parent=1250"}],"curies":[{"name":"wp","href":"https:\/\/api.w.org\/{rel}","templated":true}]}}